{"id":9438,"date":"2019-02-25T12:13:22","date_gmt":"2019-02-25T11:13:22","guid":{"rendered":"https:\/\/mayoristas.rodanoble.com\/tienda\/la-desica-gereifter-manchego-kase-6m\/"},"modified":"2019-02-25T12:13:22","modified_gmt":"2019-02-25T11:13:22","slug":"la-desica-gereifter-manchego-kase-6m","status":"publish","type":"product","link":"https:\/\/mayoristas.rodanoble.com\/de\/product\/la-desica-gereifter-manchego-kase-6m\/","title":{"rendered":"La Desica gereifter Manchego-K\u00e4se 6M"},"content":{"rendered":"<p>K\u00e4se mit einer Reifezeit von mindestens 180 Tagen. Ein gereifter K\u00e4se mit der Herkunftsbezeichnung La-Mancha. Hergestellt aus 100% Manchego-Schafsmilch. Sein Geschmack und Geruch sind angenehm und vollmundig. Begleitet von einem guten Rotwein wird der perfekte Aperitif sein. Ein K\u00e4se mit Charakter und viel Pers\u00f6nlichkeit, der uns bei der Verkostung zeigt, was ein authentischer Manchego-K\u00e4se ist, der bekannteste K\u00e4se der ganzen Welt.<\/p>\n","protected":false},"excerpt":{"rendered":"<p>Hergestellt mit pasteurisierter Manchego-Schafsmilch. K\u00e4se mit Herkunftsbezeichnung gesch\u00fctzter Arten. Durchdringender Geschmack und intensiver Geruch.<\/p>\n[privat].<\/p>\n<ul>\n<li>K\u00e4se von 2.900kg &#8211; 9,99\u20ac\/kg.<\/li>\n<li>Keil von 245gr &#8211; 2.69\u20ac\/Einheit<\/li>\n<li>Keil von 365gr &#8211; 4.04\u20ac\/Einheit<\/li>\n<\/ul>\n<p>[\/privat]\n","protected":false},"featured_media":9440,"comment_status":"open","ping_status":"closed","template":"","meta":{"site-sidebar-layout":"default","site-content-layout":"default","ast-site-content-layout":"default","site-content-style":"default","site-sidebar-style":"default","ast-global-header-display":"","ast-banner-title-visibility":"","ast-main-header-display":"","ast-hfb-above-header-display":"","ast-hfb-below-header-display":"","ast-hfb-mobile-header-display":"","site-post-title":"","ast-breadcrumbs-content":"","ast-featured-img":"","footer-sml-layout":"","theme-transparent-header-meta":"default","adv-header-id-meta":"","stick-header-meta":"","header-above-stick-meta":"","header-main-stick-meta":"","header-below-stick-meta":"","astra-migrate-meta-layouts":"default","ast-page-background-enabled":"default","ast-page-background-meta":{"desktop":{"background-color":"","background-image":"","background-repeat":"repeat","background-position":"center center","background-size":"auto","background-attachment":"scroll","background-type":"","background-media":"","overlay-type":"","overlay-color":"","overlay-opacity":"","overlay-gradient":""},"tablet":{"background-color":"","background-image":"","background-repeat":"repeat","background-position":"center center","background-size":"auto","background-attachment":"scroll","background-type":"","background-media":"","overlay-type":"","overlay-color":"","overlay-opacity":"","overlay-gradient":""},"mobile":{"background-color":"","background-image":"","background-repeat":"repeat","background-position":"center center","background-size":"auto","background-attachment":"scroll","background-type":"","background-media":"","overlay-type":"","overlay-color":"","overlay-opacity":"","overlay-gradient":""}},"ast-content-background-meta":{"desktop":{"background-color":"var(--ast-global-color-5)","background-image":"","background-repeat":"repeat","background-position":"center center","background-size":"auto","background-attachment":"scroll","background-type":"","background-media":"","overlay-type":"","overlay-color":"","overlay-opacity":"","overlay-gradient":""},"tablet":{"background-color":"var(--ast-global-color-5)","background-image":"","background-repeat":"repeat","background-position":"center center","background-size":"auto","background-attachment":"scroll","background-type":"","background-media":"","overlay-type":"","overlay-color":"","overlay-opacity":"","overlay-gradient":""},"mobile":{"background-color":"var(--ast-global-color-5)","background-image":"","background-repeat":"repeat","background-position":"center center","background-size":"auto","background-attachment":"scroll","background-type":"","background-media":"","overlay-type":"","overlay-color":"","overlay-opacity":"","overlay-gradient":""}}},"product_brand":[],"product_cat":[64],"product_tag":[],"class_list":{"0":"post-9438","1":"product","2":"type-product","3":"status-publish","4":"has-post-thumbnail","6":"product_cat-manchego-schafskase","7":"desktop-align-left","8":"tablet-align-left","9":"mobile-align-left","11":"first","12":"instock","13":"taxable","14":"shipping-taxable","15":"purchasable","16":"product-type-variable"},"_links":{"self":[{"href":"https:\/\/mayoristas.rodanoble.com\/de\/wp-json\/wp\/v2\/product\/9438","targetHints":{"allow":["GET"]}}],"collection":[{"href":"https:\/\/mayoristas.rodanoble.com\/de\/wp-json\/wp\/v2\/product"}],"about":[{"href":"https:\/\/mayoristas.rodanoble.com\/de\/wp-json\/wp\/v2\/types\/product"}],"replies":[{"embeddable":true,"href":"https:\/\/mayoristas.rodanoble.com\/de\/wp-json\/wp\/v2\/comments?post=9438"}],"wp:featuredmedia":[{"embeddable":true,"href":"https:\/\/mayoristas.rodanoble.com\/de\/wp-json\/wp\/v2\/media\/9440"}],"wp:attachment":[{"href":"https:\/\/mayoristas.rodanoble.com\/de\/wp-json\/wp\/v2\/media?parent=9438"}],"wp:term":[{"taxonomy":"product_brand","embeddable":true,"href":"https:\/\/mayoristas.rodanoble.com\/de\/wp-json\/wp\/v2\/product_brand?post=9438"},{"taxonomy":"product_cat","embeddable":true,"href":"https:\/\/mayoristas.rodanoble.com\/de\/wp-json\/wp\/v2\/product_cat?post=9438"},{"taxonomy":"product_tag","embeddable":true,"href":"https:\/\/mayoristas.rodanoble.com\/de\/wp-json\/wp\/v2\/product_tag?post=9438"}],"curies":[{"name":"wp","href":"https:\/\/api.w.org\/{rel}","templated":true}]}}