{"id":9458,"date":"2019-01-16T11:09:45","date_gmt":"2019-01-16T10:09:45","guid":{"rendered":"https:\/\/mayoristas.rodanoble.com\/tienda\/schafskase-rodanoble-anejo-gran-reserva-in-butter\/"},"modified":"2021-02-23T12:51:26","modified_gmt":"2021-02-23T11:51:26","slug":"schafskase-rodanoble-anejo-gran-reserva-in-butter","status":"publish","type":"product","link":"https:\/\/mayoristas.rodanoble.com\/de\/product\/schafskase-rodanoble-anejo-gran-reserva-in-butter\/","title":{"rendered":"Schafsk\u00e4se Rodanoble A\u00f1ejo gran reserva in Butter"},"content":{"rendered":"<p>Gereifter K\u00e4se mit einj\u00e4hriger Reifung in Schmalz. Ein alter K\u00e4se mit gro\u00dfartiger Textur und Geschmack, dank der Tatsache, dass er aus 100% Schafsmilch hergestellt wird.<\/p>\n<p>Er hat eine elfenbeinfarbene Farbe, einen milden Geschmack, eine angenehme Konsistenz und einen charakteristischen Geruch. Wenn Sie ihn probieren, werden Sie dieses butterartige und sogar k\u00f6rnige Gef\u00fchl genie\u00dfen, das f\u00fcr diese Art von K\u00e4se charakteristisch ist.<\/p>\n<p>Hergestellt aus 100% pasteurisierter Schafsmilch. Gereift f\u00fcr 12 Monate.<\/p>\n<p>K\u00fchl aufbewahren zwischen 8 und 10 \u00baC. Sch\u00fctzen Sie die Schnittfl\u00e4che zur besseren Konservierung.<\/p>\n<p>Optimale Temperatur f\u00fcr Schneiden und Verbrauch: 20-22 Grad C\u00ba.<\/p>\n","protected":false},"excerpt":{"rendered":"<p>Mindestens 12 Monate in Schmalz gereift, bietet dieser Grand Reserve gereifte K\u00e4se einen spektakul\u00e4ren und charakteristischen Geschmack von gereiften Schafsk\u00e4sen.<\/p>\n<p>Die Explosion der Aromen wird Ihren Gaumen \u00fcberfluten.<\/p>\n[privat]<\/p>\n<ul>\n<li>K\u00e4se von 2.900kg &#8211; 10,70\u20ac\/kg.<\/li>\n<li>K\u00e4se von 850gr &#8211; 10.80\u20ac\/kg.<\/li>\n<li>Keil von 365gr &#8211; 4,27\u20ac\/Einheit.<\/li>\n<\/ul>\n<p>[\/privat]\n","protected":false},"featured_media":9461,"comment_status":"closed","ping_status":"closed","template":"","meta":{"site-sidebar-layout":"default","site-content-layout":"default","ast-site-content-layout":"default","site-content-style":"default","site-sidebar-style":"default","ast-global-header-display":"","ast-banner-title-visibility":"","ast-main-header-display":"","ast-hfb-above-header-display":"","ast-hfb-below-header-display":"","ast-hfb-mobile-header-display":"","site-post-title":"","ast-breadcrumbs-content":"","ast-featured-img":"","footer-sml-layout":"","theme-transparent-header-meta":"default","adv-header-id-meta":"","stick-header-meta":"","header-above-stick-meta":"","header-main-stick-meta":"","header-below-stick-meta":"","astra-migrate-meta-layouts":"default","ast-page-background-enabled":"default","ast-page-background-meta":{"desktop":{"background-color":"","background-image":"","background-repeat":"repeat","background-position":"center center","background-size":"auto","background-attachment":"scroll","background-type":"","background-media":"","overlay-type":"","overlay-color":"","overlay-opacity":"","overlay-gradient":""},"tablet":{"background-color":"","background-image":"","background-repeat":"repeat","background-position":"center center","background-size":"auto","background-attachment":"scroll","background-type":"","background-media":"","overlay-type":"","overlay-color":"","overlay-opacity":"","overlay-gradient":""},"mobile":{"background-color":"","background-image":"","background-repeat":"repeat","background-position":"center center","background-size":"auto","background-attachment":"scroll","background-type":"","background-media":"","overlay-type":"","overlay-color":"","overlay-opacity":"","overlay-gradient":""}},"ast-content-background-meta":{"desktop":{"background-color":"var(--ast-global-color-5)","background-image":"","background-repeat":"repeat","background-position":"center center","background-size":"auto","background-attachment":"scroll","background-type":"","background-media":"","overlay-type":"","overlay-color":"","overlay-opacity":"","overlay-gradient":""},"tablet":{"background-color":"var(--ast-global-color-5)","background-image":"","background-repeat":"repeat","background-position":"center center","background-size":"auto","background-attachment":"scroll","background-type":"","background-media":"","overlay-type":"","overlay-color":"","overlay-opacity":"","overlay-gradient":""},"mobile":{"background-color":"var(--ast-global-color-5)","background-image":"","background-repeat":"repeat","background-position":"center center","background-size":"auto","background-attachment":"scroll","background-type":"","background-media":"","overlay-type":"","overlay-color":"","overlay-opacity":"","overlay-gradient":""}}},"product_brand":[],"product_cat":[64],"product_tag":[],"class_list":{"0":"post-9458","1":"product","2":"type-product","3":"status-publish","4":"has-post-thumbnail","6":"product_cat-manchego-schafskase","7":"desktop-align-left","8":"tablet-align-left","9":"mobile-align-left","11":"first","12":"instock","13":"taxable","14":"shipping-taxable","15":"purchasable","16":"product-type-variable"},"_links":{"self":[{"href":"https:\/\/mayoristas.rodanoble.com\/de\/wp-json\/wp\/v2\/product\/9458","targetHints":{"allow":["GET"]}}],"collection":[{"href":"https:\/\/mayoristas.rodanoble.com\/de\/wp-json\/wp\/v2\/product"}],"about":[{"href":"https:\/\/mayoristas.rodanoble.com\/de\/wp-json\/wp\/v2\/types\/product"}],"replies":[{"embeddable":true,"href":"https:\/\/mayoristas.rodanoble.com\/de\/wp-json\/wp\/v2\/comments?post=9458"}],"wp:featuredmedia":[{"embeddable":true,"href":"https:\/\/mayoristas.rodanoble.com\/de\/wp-json\/wp\/v2\/media\/9461"}],"wp:attachment":[{"href":"https:\/\/mayoristas.rodanoble.com\/de\/wp-json\/wp\/v2\/media?parent=9458"}],"wp:term":[{"taxonomy":"product_brand","embeddable":true,"href":"https:\/\/mayoristas.rodanoble.com\/de\/wp-json\/wp\/v2\/product_brand?post=9458"},{"taxonomy":"product_cat","embeddable":true,"href":"https:\/\/mayoristas.rodanoble.com\/de\/wp-json\/wp\/v2\/product_cat?post=9458"},{"taxonomy":"product_tag","embeddable":true,"href":"https:\/\/mayoristas.rodanoble.com\/de\/wp-json\/wp\/v2\/product_tag?post=9458"}],"curies":[{"name":"wp","href":"https:\/\/api.w.org\/{rel}","templated":true}]}}