{"id":9521,"date":"2019-01-16T11:09:44","date_gmt":"2019-01-16T10:09:44","guid":{"rendered":"https:\/\/mayoristas.rodanoble.com\/tienda\/rodanoble-halbgereifter-schafskase\/"},"modified":"2021-02-23T13:16:07","modified_gmt":"2021-02-23T12:16:07","slug":"rodanoble-halbgereifter-schafskase","status":"publish","type":"product","link":"https:\/\/mayoristas.rodanoble.com\/de\/product\/rodanoble-halbgereifter-schafskase\/","title":{"rendered":"Rodanoble halbgereifter Schafsk\u00e4se"},"content":{"rendered":"<p>Mit der Halbh\u00e4rtung, um den ganzen Geschmack der Schafsmilch in einem reifen K\u00e4se zu erhalten. Sie werden seine Textur und seinen angenehmen Geschmack zu sch\u00e4tzen wissen.<\/p>\n<p>Er hat die ganze Essenz, die ein Schafsk\u00e4se ausmacht.<\/p>\n<p>Zarter Milchgeschmack und weiche Konsistenz. Seine unregelm\u00e4\u00dfig gro\u00dfen Augen mit gl\u00e4nzendem \u00dcberstand und seine elfenbeingelbe Farbe.<\/p>\n<p>Hergestellt aus 100% pasteurisierter Schafsmilch. Gereift f\u00fcr 90 Tage.<\/p>\n<p>K\u00fchl aufbewahren zwischen 5 und 10 \u00baC. Sch\u00fctzen Sie die Schnittfl\u00e4che zur besseren Konservierung.<\/p>\n","protected":false},"excerpt":{"rendered":"<p>Mit der Halbh\u00e4rtung, um den ganzen Geschmack der Schafsmilch in einem reifen K\u00e4se zu erhalten. Sie werden seine Textur und seinen angenehmen Geschmack zu sch\u00e4tzen wissen. Er hat die ganze Essenz, die ein Schafsk\u00e4se mit sich bringt.<\/p>\n[privat]<\/p>\n<ul>\n<li>K\u00e4se von 3.200kg &#8211; 9,20\u20ac\/kg.<\/li>\n<li>K\u00e4se von 0,920kg &#8211; 9,25\u20ac\/kg.<\/li>\n<li>Keil von 265gr &#8211; 2,70\u20ac\/St\u00fcck.<\/li>\n<li>Keil von 400gr &#8211; 4.08\u20ac\/Einheit<\/li>\n<\/ul>\n<p>[\/privat]\n","protected":false},"featured_media":9523,"comment_status":"closed","ping_status":"closed","template":"","meta":{"site-sidebar-layout":"default","site-content-layout":"default","ast-site-content-layout":"default","site-content-style":"default","site-sidebar-style":"default","ast-global-header-display":"","ast-banner-title-visibility":"","ast-main-header-display":"","ast-hfb-above-header-display":"","ast-hfb-below-header-display":"","ast-hfb-mobile-header-display":"","site-post-title":"","ast-breadcrumbs-content":"","ast-featured-img":"","footer-sml-layout":"","theme-transparent-header-meta":"default","adv-header-id-meta":"","stick-header-meta":"","header-above-stick-meta":"","header-main-stick-meta":"","header-below-stick-meta":"","astra-migrate-meta-layouts":"default","ast-page-background-enabled":"default","ast-page-background-meta":{"desktop":{"background-color":"","background-image":"","background-repeat":"repeat","background-position":"center center","background-size":"auto","background-attachment":"scroll","background-type":"","background-media":"","overlay-type":"","overlay-color":"","overlay-opacity":"","overlay-gradient":""},"tablet":{"background-color":"","background-image":"","background-repeat":"repeat","background-position":"center center","background-size":"auto","background-attachment":"scroll","background-type":"","background-media":"","overlay-type":"","overlay-color":"","overlay-opacity":"","overlay-gradient":""},"mobile":{"background-color":"","background-image":"","background-repeat":"repeat","background-position":"center center","background-size":"auto","background-attachment":"scroll","background-type":"","background-media":"","overlay-type":"","overlay-color":"","overlay-opacity":"","overlay-gradient":""}},"ast-content-background-meta":{"desktop":{"background-color":"var(--ast-global-color-5)","background-image":"","background-repeat":"repeat","background-position":"center center","background-size":"auto","background-attachment":"scroll","background-type":"","background-media":"","overlay-type":"","overlay-color":"","overlay-opacity":"","overlay-gradient":""},"tablet":{"background-color":"var(--ast-global-color-5)","background-image":"","background-repeat":"repeat","background-position":"center center","background-size":"auto","background-attachment":"scroll","background-type":"","background-media":"","overlay-type":"","overlay-color":"","overlay-opacity":"","overlay-gradient":""},"mobile":{"background-color":"var(--ast-global-color-5)","background-image":"","background-repeat":"repeat","background-position":"center center","background-size":"auto","background-attachment":"scroll","background-type":"","background-media":"","overlay-type":"","overlay-color":"","overlay-opacity":"","overlay-gradient":""}}},"product_brand":[],"product_cat":[64],"product_tag":[],"class_list":{"0":"post-9521","1":"product","2":"type-product","3":"status-publish","4":"has-post-thumbnail","6":"product_cat-manchego-schafskase","7":"desktop-align-left","8":"tablet-align-left","9":"mobile-align-left","11":"first","12":"instock","13":"taxable","14":"shipping-taxable","15":"purchasable","16":"product-type-variable"},"_links":{"self":[{"href":"https:\/\/mayoristas.rodanoble.com\/de\/wp-json\/wp\/v2\/product\/9521","targetHints":{"allow":["GET"]}}],"collection":[{"href":"https:\/\/mayoristas.rodanoble.com\/de\/wp-json\/wp\/v2\/product"}],"about":[{"href":"https:\/\/mayoristas.rodanoble.com\/de\/wp-json\/wp\/v2\/types\/product"}],"replies":[{"embeddable":true,"href":"https:\/\/mayoristas.rodanoble.com\/de\/wp-json\/wp\/v2\/comments?post=9521"}],"wp:featuredmedia":[{"embeddable":true,"href":"https:\/\/mayoristas.rodanoble.com\/de\/wp-json\/wp\/v2\/media\/9523"}],"wp:attachment":[{"href":"https:\/\/mayoristas.rodanoble.com\/de\/wp-json\/wp\/v2\/media?parent=9521"}],"wp:term":[{"taxonomy":"product_brand","embeddable":true,"href":"https:\/\/mayoristas.rodanoble.com\/de\/wp-json\/wp\/v2\/product_brand?post=9521"},{"taxonomy":"product_cat","embeddable":true,"href":"https:\/\/mayoristas.rodanoble.com\/de\/wp-json\/wp\/v2\/product_cat?post=9521"},{"taxonomy":"product_tag","embeddable":true,"href":"https:\/\/mayoristas.rodanoble.com\/de\/wp-json\/wp\/v2\/product_tag?post=9521"}],"curies":[{"name":"wp","href":"https:\/\/api.w.org\/{rel}","templated":true}]}}