{"id":9542,"date":"2019-01-16T11:09:44","date_gmt":"2019-01-16T10:09:44","guid":{"rendered":"https:\/\/mayoristas.rodanoble.com\/tienda\/zarter-rodanoble-schafskase\/"},"modified":"2019-01-16T11:09:44","modified_gmt":"2019-01-16T10:09:44","slug":"zarter-rodanoble-schafskase","status":"publish","type":"product","link":"https:\/\/mayoristas.rodanoble.com\/de\/product\/zarter-rodanoble-schafskase\/","title":{"rendered":"Zarter Rodanoble Schafsk\u00e4se"},"content":{"rendered":"<p>Entdecken Sie die Weichheit und cremige Textur unseres fabelhaften Rodanoble Tender Schafsk\u00e4ses. Mit dem idealen Reifungsprozess ist es uns gelungen, den ganzen Geschmack der Schafsmilch in einem zarten, jungen K\u00e4se herauszuholen.<\/p>\n<p>Er hat einen zarten Milchgeschmack mit sehr mildem Aroma und Konsistenz. Nat\u00fcrlich ohne das butterige Gef\u00fchl zu vermissen, das ein Markenzeichen aller K\u00e4sesorten ist, die mit 100% Schafsmilch hergestellt werden. Sein Geruch ist weich mit Kr\u00e4uternoten und seine Oberfl\u00e4che ist gl\u00e4nzend wei\u00df.<\/p>\n<p>Hergestellt aus 100% pasteurisierter Schafsmilch. Gereift f\u00fcr 10 Tage.<\/p>\n<p>K\u00fchl aufbewahren zwischen 5 und 10 \u00baC. Sch\u00fctzen Sie die Schnittfl\u00e4che zur besseren Konservierung.<\/p>\n","protected":false},"excerpt":{"rendered":"<p>Genau die richtige Zeit gereift, um einen hochwertigen Weichk\u00e4se zu erhalten, bei dem man die Essenz der Schafsmilch schmecken kann. Er ist weich und schmilzt, ohne auch nur einen Hauch der Essenz zu vermissen, die Schafsk\u00e4se bietet.<\/p>\n[privat]<\/p>\n<ul>\n<li>K\u00e4se von 3.700kg &#8211; 8,20\u20ac\/kg.<\/li>\n<li>K\u00e4se von 1.030kg &#8211; 8,25\u20ac\/kg.<\/li>\n<li>Keil von 300gr &#8211; 2.76\u20ac\/Einheit.<\/li>\n<li>Keil von 450gr &#8211; 4.14\u20ac\/Einheit<\/li>\n<\/ul>\n<p>[\/privat]\n","protected":false},"featured_media":9544,"comment_status":"closed","ping_status":"closed","template":"","meta":{"site-sidebar-layout":"default","site-content-layout":"default","ast-site-content-layout":"default","site-content-style":"default","site-sidebar-style":"default","ast-global-header-display":"","ast-banner-title-visibility":"","ast-main-header-display":"","ast-hfb-above-header-display":"","ast-hfb-below-header-display":"","ast-hfb-mobile-header-display":"","site-post-title":"","ast-breadcrumbs-content":"","ast-featured-img":"","footer-sml-layout":"","theme-transparent-header-meta":"default","adv-header-id-meta":"","stick-header-meta":"","header-above-stick-meta":"","header-main-stick-meta":"","header-below-stick-meta":"","astra-migrate-meta-layouts":"default","ast-page-background-enabled":"default","ast-page-background-meta":{"desktop":{"background-color":"","background-image":"","background-repeat":"repeat","background-position":"center center","background-size":"auto","background-attachment":"scroll","background-type":"","background-media":"","overlay-type":"","overlay-color":"","overlay-opacity":"","overlay-gradient":""},"tablet":{"background-color":"","background-image":"","background-repeat":"repeat","background-position":"center center","background-size":"auto","background-attachment":"scroll","background-type":"","background-media":"","overlay-type":"","overlay-color":"","overlay-opacity":"","overlay-gradient":""},"mobile":{"background-color":"","background-image":"","background-repeat":"repeat","background-position":"center center","background-size":"auto","background-attachment":"scroll","background-type":"","background-media":"","overlay-type":"","overlay-color":"","overlay-opacity":"","overlay-gradient":""}},"ast-content-background-meta":{"desktop":{"background-color":"var(--ast-global-color-5)","background-image":"","background-repeat":"repeat","background-position":"center center","background-size":"auto","background-attachment":"scroll","background-type":"","background-media":"","overlay-type":"","overlay-color":"","overlay-opacity":"","overlay-gradient":""},"tablet":{"background-color":"var(--ast-global-color-5)","background-image":"","background-repeat":"repeat","background-position":"center center","background-size":"auto","background-attachment":"scroll","background-type":"","background-media":"","overlay-type":"","overlay-color":"","overlay-opacity":"","overlay-gradient":""},"mobile":{"background-color":"var(--ast-global-color-5)","background-image":"","background-repeat":"repeat","background-position":"center center","background-size":"auto","background-attachment":"scroll","background-type":"","background-media":"","overlay-type":"","overlay-color":"","overlay-opacity":"","overlay-gradient":""}}},"product_brand":[],"product_cat":[64],"product_tag":[],"class_list":{"0":"post-9542","1":"product","2":"type-product","3":"status-publish","4":"has-post-thumbnail","6":"product_cat-manchego-schafskase","7":"desktop-align-left","8":"tablet-align-left","9":"mobile-align-left","11":"first","12":"instock","13":"taxable","14":"shipping-taxable","15":"purchasable","16":"product-type-variable"},"_links":{"self":[{"href":"https:\/\/mayoristas.rodanoble.com\/de\/wp-json\/wp\/v2\/product\/9542","targetHints":{"allow":["GET"]}}],"collection":[{"href":"https:\/\/mayoristas.rodanoble.com\/de\/wp-json\/wp\/v2\/product"}],"about":[{"href":"https:\/\/mayoristas.rodanoble.com\/de\/wp-json\/wp\/v2\/types\/product"}],"replies":[{"embeddable":true,"href":"https:\/\/mayoristas.rodanoble.com\/de\/wp-json\/wp\/v2\/comments?post=9542"}],"wp:featuredmedia":[{"embeddable":true,"href":"https:\/\/mayoristas.rodanoble.com\/de\/wp-json\/wp\/v2\/media\/9544"}],"wp:attachment":[{"href":"https:\/\/mayoristas.rodanoble.com\/de\/wp-json\/wp\/v2\/media?parent=9542"}],"wp:term":[{"taxonomy":"product_brand","embeddable":true,"href":"https:\/\/mayoristas.rodanoble.com\/de\/wp-json\/wp\/v2\/product_brand?post=9542"},{"taxonomy":"product_cat","embeddable":true,"href":"https:\/\/mayoristas.rodanoble.com\/de\/wp-json\/wp\/v2\/product_cat?post=9542"},{"taxonomy":"product_tag","embeddable":true,"href":"https:\/\/mayoristas.rodanoble.com\/de\/wp-json\/wp\/v2\/product_tag?post=9542"}],"curies":[{"name":"wp","href":"https:\/\/api.w.org\/{rel}","templated":true}]}}