{"id":9388,"date":"2019-03-01T08:49:38","date_gmt":"2019-03-01T07:49:38","guid":{"rendered":"https:\/\/mayoristas.rodanoble.com\/tienda\/truffe-noire\/"},"modified":"2019-03-01T08:49:38","modified_gmt":"2019-03-01T07:49:38","slug":"truffe-noire","status":"publish","type":"product","link":"https:\/\/mayoristas.rodanoble.com\/fr\/product\/truffe-noire\/","title":{"rendered":"Fromage de brebis Rodanoble \u00e0 la truffe noire"},"content":{"rendered":"<p>Fromage \u00e0 la truffe noire fabriqu\u00e9 \u00e0 partir de lait de brebis.<\/p>\n<p>Sa saveur truff\u00e9e vous offrira une exp\u00e9rience diff\u00e9rente du reste. Un m\u00e9lange de la tradition de La Mancha et de la saveur exotique et aromatique de la truffe. La combinaison qu&rsquo;ils cr\u00e9ent vous surprendra car ils se marient parfaitement.<\/p>\n<p>Nous utilisons la truffe noire pour son \u00e9laboration. Le fromage est affin\u00e9 pendant au moins 6 mois et poss\u00e8de toute la saveur traditionnelle des fromages affin\u00e9s que nous fabriquons dans notre r\u00e9gion. Le m\u00e9lange, ne laissera personne indiff\u00e9rent et vous aurez s\u00fbrement envie de le r\u00e9p\u00e9ter.<\/p>\n","protected":false},"excerpt":{"rendered":"<p>Fromage affin\u00e9 de la Mancha \u00e0 la truffe noire. Une exp\u00e9rience diff\u00e9rente pour le palais. Elabor\u00e9 \u00e0 100% avec du lait de brebis de La Mancha.<\/p>\n[prive]<\/p>\n<ul>\n<li>Fromage de 2 900 kg &#8211; 11,6\u20ac\/kg.<\/li>\n<li>Fromage de 900gr &#8211; 11,7\u20ac\/kg.<\/li>\n<li>Cale de 240gr &#8211; 3,02\u20ac\/unit\u00e9.<\/li>\n<li>Cale de 360gr &#8211; 4,54\u20ac\/unit\u00e9.<\/li>\n<\/ul>\n<p>[\/prive]\n","protected":false},"featured_media":9389,"comment_status":"open","ping_status":"closed","template":"","meta":{"site-sidebar-layout":"default","site-content-layout":"default","ast-site-content-layout":"default","site-content-style":"default","site-sidebar-style":"default","ast-global-header-display":"","ast-banner-title-visibility":"","ast-main-header-display":"","ast-hfb-above-header-display":"","ast-hfb-below-header-display":"","ast-hfb-mobile-header-display":"","site-post-title":"","ast-breadcrumbs-content":"","ast-featured-img":"","footer-sml-layout":"","theme-transparent-header-meta":"default","adv-header-id-meta":"","stick-header-meta":"","header-above-stick-meta":"","header-main-stick-meta":"","header-below-stick-meta":"","astra-migrate-meta-layouts":"default","ast-page-background-enabled":"default","ast-page-background-meta":{"desktop":{"background-color":"","background-image":"","background-repeat":"repeat","background-position":"center center","background-size":"auto","background-attachment":"scroll","background-type":"","background-media":"","overlay-type":"","overlay-color":"","overlay-opacity":"","overlay-gradient":""},"tablet":{"background-color":"","background-image":"","background-repeat":"repeat","background-position":"center center","background-size":"auto","background-attachment":"scroll","background-type":"","background-media":"","overlay-type":"","overlay-color":"","overlay-opacity":"","overlay-gradient":""},"mobile":{"background-color":"","background-image":"","background-repeat":"repeat","background-position":"center center","background-size":"auto","background-attachment":"scroll","background-type":"","background-media":"","overlay-type":"","overlay-color":"","overlay-opacity":"","overlay-gradient":""}},"ast-content-background-meta":{"desktop":{"background-color":"var(--ast-global-color-5)","background-image":"","background-repeat":"repeat","background-position":"center center","background-size":"auto","background-attachment":"scroll","background-type":"","background-media":"","overlay-type":"","overlay-color":"","overlay-opacity":"","overlay-gradient":""},"tablet":{"background-color":"var(--ast-global-color-5)","background-image":"","background-repeat":"repeat","background-position":"center center","background-size":"auto","background-attachment":"scroll","background-type":"","background-media":"","overlay-type":"","overlay-color":"","overlay-opacity":"","overlay-gradient":""},"mobile":{"background-color":"var(--ast-global-color-5)","background-image":"","background-repeat":"repeat","background-position":"center center","background-size":"auto","background-attachment":"scroll","background-type":"","background-media":"","overlay-type":"","overlay-color":"","overlay-opacity":"","overlay-gradient":""}}},"product_brand":[],"product_cat":[63],"product_tag":[],"class_list":{"0":"post-9388","1":"product","2":"type-product","3":"status-publish","4":"has-post-thumbnail","6":"product_cat-fromages-de-brebis-manchego","7":"desktop-align-left","8":"tablet-align-left","9":"mobile-align-left","11":"first","12":"instock","13":"taxable","14":"shipping-taxable","15":"purchasable","16":"product-type-variable"},"_links":{"self":[{"href":"https:\/\/mayoristas.rodanoble.com\/fr\/wp-json\/wp\/v2\/product\/9388","targetHints":{"allow":["GET"]}}],"collection":[{"href":"https:\/\/mayoristas.rodanoble.com\/fr\/wp-json\/wp\/v2\/product"}],"about":[{"href":"https:\/\/mayoristas.rodanoble.com\/fr\/wp-json\/wp\/v2\/types\/product"}],"replies":[{"embeddable":true,"href":"https:\/\/mayoristas.rodanoble.com\/fr\/wp-json\/wp\/v2\/comments?post=9388"}],"wp:featuredmedia":[{"embeddable":true,"href":"https:\/\/mayoristas.rodanoble.com\/fr\/wp-json\/wp\/v2\/media\/9389"}],"wp:attachment":[{"href":"https:\/\/mayoristas.rodanoble.com\/fr\/wp-json\/wp\/v2\/media?parent=9388"}],"wp:term":[{"taxonomy":"product_brand","embeddable":true,"href":"https:\/\/mayoristas.rodanoble.com\/fr\/wp-json\/wp\/v2\/product_brand?post=9388"},{"taxonomy":"product_cat","embeddable":true,"href":"https:\/\/mayoristas.rodanoble.com\/fr\/wp-json\/wp\/v2\/product_cat?post=9388"},{"taxonomy":"product_tag","embeddable":true,"href":"https:\/\/mayoristas.rodanoble.com\/fr\/wp-json\/wp\/v2\/product_tag?post=9388"}],"curies":[{"name":"wp","href":"https:\/\/api.w.org\/{rel}","templated":true}]}}