{"id":9414,"date":"2019-02-25T12:17:10","date_gmt":"2019-02-25T11:17:10","guid":{"rendered":"https:\/\/mayoristas.rodanoble.com\/tienda\/fromage-manchego-du-chateau-de-robda-au-lait-cru\/"},"modified":"2019-02-25T12:17:10","modified_gmt":"2019-02-25T11:17:10","slug":"fromage-manchego-du-chateau-de-robda-au-lait-cru","status":"publish","type":"product","link":"https:\/\/mayoristas.rodanoble.com\/fr\/product\/fromage-manchego-du-chateau-de-robda-au-lait-cru\/","title":{"rendered":"Fromage Manchego du ch\u00e2teau de Robda au lait cru"},"content":{"rendered":"<p>L&rsquo;\u00e9glise du Salvador, \u00e0 La Roda, est situ\u00e9e dans ce qui est connu sous le nom de \u00ab\u00a0loma del castillejo\u00a0\u00bb (colline du ch\u00e2teau), o\u00f9 se trouvait l&rsquo;ancien ch\u00e2teau de Robda, qui a \u00e9t\u00e9 d\u00e9truit sur ordre d&rsquo;Isabelle la Catholique.<\/p>\n<p>Le Castillo de Robda est un fromage artisanal qui rend hommage aux premiers colons de notre ville. Un go\u00fbt de caract\u00e8re et qui ne laisse pas notre palais indiff\u00e9rent, nous rappelant le fromage que nos anc\u00eatres ont \u00e9labor\u00e9. C&rsquo;est une machine \u00e0 remonter le temps qui nous ram\u00e8ne aux saveurs que nos anc\u00eatres appr\u00e9ciaient autrefois et dont l&rsquo;h\u00e9ritage a fait du fromage Manchego un produit universel.<\/p>\n<p>Prenez un morceau de fromage, mettez-le dans votre bouche et vous d\u00e9couvrirez le plaisir de la tradition.<\/p>\n","protected":false},"excerpt":{"rendered":"<p>Fromage \u00e0 d\u00e9nomination d&rsquo;origine, affinage minimum de 6 mois, \u00e9labor\u00e9 \u00e0 100% avec du lait cru de brebis de race manchega.<\/p>\n[prive]<\/p>\n<ul>\n<li>Fromage de 2 850 kg &#8211; 9,90\u20ac\/kg.<\/li>\n<li>Cube de 245gr &#8211; 2,69\u20ac\/unit\u00e9<\/li>\n<li>Cube de 365gr &#8211; 4,04\u20ac\/unit\u00e9<\/li>\n<\/ul>\n<p>[\/prive]\n","protected":false},"featured_media":9416,"comment_status":"open","ping_status":"closed","template":"","meta":{"site-sidebar-layout":"default","site-content-layout":"default","ast-site-content-layout":"default","site-content-style":"default","site-sidebar-style":"default","ast-global-header-display":"","ast-banner-title-visibility":"","ast-main-header-display":"","ast-hfb-above-header-display":"","ast-hfb-below-header-display":"","ast-hfb-mobile-header-display":"","site-post-title":"","ast-breadcrumbs-content":"","ast-featured-img":"","footer-sml-layout":"","theme-transparent-header-meta":"default","adv-header-id-meta":"","stick-header-meta":"","header-above-stick-meta":"","header-main-stick-meta":"","header-below-stick-meta":"","astra-migrate-meta-layouts":"default","ast-page-background-enabled":"default","ast-page-background-meta":{"desktop":{"background-color":"","background-image":"","background-repeat":"repeat","background-position":"center center","background-size":"auto","background-attachment":"scroll","background-type":"","background-media":"","overlay-type":"","overlay-color":"","overlay-opacity":"","overlay-gradient":""},"tablet":{"background-color":"","background-image":"","background-repeat":"repeat","background-position":"center center","background-size":"auto","background-attachment":"scroll","background-type":"","background-media":"","overlay-type":"","overlay-color":"","overlay-opacity":"","overlay-gradient":""},"mobile":{"background-color":"","background-image":"","background-repeat":"repeat","background-position":"center center","background-size":"auto","background-attachment":"scroll","background-type":"","background-media":"","overlay-type":"","overlay-color":"","overlay-opacity":"","overlay-gradient":""}},"ast-content-background-meta":{"desktop":{"background-color":"var(--ast-global-color-5)","background-image":"","background-repeat":"repeat","background-position":"center center","background-size":"auto","background-attachment":"scroll","background-type":"","background-media":"","overlay-type":"","overlay-color":"","overlay-opacity":"","overlay-gradient":""},"tablet":{"background-color":"var(--ast-global-color-5)","background-image":"","background-repeat":"repeat","background-position":"center center","background-size":"auto","background-attachment":"scroll","background-type":"","background-media":"","overlay-type":"","overlay-color":"","overlay-opacity":"","overlay-gradient":""},"mobile":{"background-color":"var(--ast-global-color-5)","background-image":"","background-repeat":"repeat","background-position":"center center","background-size":"auto","background-attachment":"scroll","background-type":"","background-media":"","overlay-type":"","overlay-color":"","overlay-opacity":"","overlay-gradient":""}}},"product_brand":[],"product_cat":[63],"product_tag":[],"class_list":{"0":"post-9414","1":"product","2":"type-product","3":"status-publish","4":"has-post-thumbnail","6":"product_cat-fromages-de-brebis-manchego","7":"desktop-align-left","8":"tablet-align-left","9":"mobile-align-left","11":"first","12":"instock","13":"taxable","14":"shipping-taxable","15":"purchasable","16":"product-type-variable"},"_links":{"self":[{"href":"https:\/\/mayoristas.rodanoble.com\/fr\/wp-json\/wp\/v2\/product\/9414","targetHints":{"allow":["GET"]}}],"collection":[{"href":"https:\/\/mayoristas.rodanoble.com\/fr\/wp-json\/wp\/v2\/product"}],"about":[{"href":"https:\/\/mayoristas.rodanoble.com\/fr\/wp-json\/wp\/v2\/types\/product"}],"replies":[{"embeddable":true,"href":"https:\/\/mayoristas.rodanoble.com\/fr\/wp-json\/wp\/v2\/comments?post=9414"}],"wp:featuredmedia":[{"embeddable":true,"href":"https:\/\/mayoristas.rodanoble.com\/fr\/wp-json\/wp\/v2\/media\/9416"}],"wp:attachment":[{"href":"https:\/\/mayoristas.rodanoble.com\/fr\/wp-json\/wp\/v2\/media?parent=9414"}],"wp:term":[{"taxonomy":"product_brand","embeddable":true,"href":"https:\/\/mayoristas.rodanoble.com\/fr\/wp-json\/wp\/v2\/product_brand?post=9414"},{"taxonomy":"product_cat","embeddable":true,"href":"https:\/\/mayoristas.rodanoble.com\/fr\/wp-json\/wp\/v2\/product_cat?post=9414"},{"taxonomy":"product_tag","embeddable":true,"href":"https:\/\/mayoristas.rodanoble.com\/fr\/wp-json\/wp\/v2\/product_tag?post=9414"}],"curies":[{"name":"wp","href":"https:\/\/api.w.org\/{rel}","templated":true}]}}