{"id":9432,"date":"2019-02-25T12:13:22","date_gmt":"2019-02-25T11:13:22","guid":{"rendered":"https:\/\/mayoristas.rodanoble.com\/tienda\/fromage-manchego-affine-la-desica-6m\/"},"modified":"2019-02-25T12:13:22","modified_gmt":"2019-02-25T11:13:22","slug":"fromage-manchego-affine-la-desica-6m","status":"publish","type":"product","link":"https:\/\/mayoristas.rodanoble.com\/fr\/product\/fromage-manchego-affine-la-desica-6m\/","title":{"rendered":"Fromage Manchego affin\u00e9 La Desica 6M"},"content":{"rendered":"<p>Le fromage est affin\u00e9 pendant au moins 180 jours. Fromage affin\u00e9 avec d\u00e9nomination d&rsquo;origine La-Mancha. Fabriqu\u00e9 avec du lait de brebis 100% Manchego. Son go\u00fbt et son odeur sont agr\u00e9ables et cors\u00e9s. Accompagn\u00e9 d&rsquo;un bon vin rouge sera l&rsquo;ap\u00e9ritif parfait. Un fromage de caract\u00e8re avec beaucoup de personnalit\u00e9 qui, lors de sa d\u00e9gustation, nous montrera ce qu&rsquo;est un authentique fromage Manchego, le plus connu au monde.<\/p>\n","protected":false},"excerpt":{"rendered":"<p>Fabriqu\u00e9 avec du lait de brebis Manchego pasteuris\u00e9. Fromage avec appellation d&rsquo;origine des esp\u00e8ces prot\u00e9g\u00e9es. Saveur p\u00e9n\u00e9trante et odeur intense.<\/p>\n[prive].<\/p>\n<ul>\n<li>Fromage de 2 900 kg &#8211; 9,99\u20ac\/kg.<\/li>\n<li>Cube de 245gr &#8211; 2,69\u20ac\/unit\u00e9<\/li>\n<li>Cube de 365gr &#8211; 4,04\u20ac\/unit\u00e9<\/li>\n<\/ul>\n<p>[\/prive]\n","protected":false},"featured_media":9434,"comment_status":"open","ping_status":"closed","template":"","meta":{"site-sidebar-layout":"default","site-content-layout":"default","ast-site-content-layout":"default","site-content-style":"default","site-sidebar-style":"default","ast-global-header-display":"","ast-banner-title-visibility":"","ast-main-header-display":"","ast-hfb-above-header-display":"","ast-hfb-below-header-display":"","ast-hfb-mobile-header-display":"","site-post-title":"","ast-breadcrumbs-content":"","ast-featured-img":"","footer-sml-layout":"","theme-transparent-header-meta":"default","adv-header-id-meta":"","stick-header-meta":"","header-above-stick-meta":"","header-main-stick-meta":"","header-below-stick-meta":"","astra-migrate-meta-layouts":"default","ast-page-background-enabled":"default","ast-page-background-meta":{"desktop":{"background-color":"","background-image":"","background-repeat":"repeat","background-position":"center center","background-size":"auto","background-attachment":"scroll","background-type":"","background-media":"","overlay-type":"","overlay-color":"","overlay-opacity":"","overlay-gradient":""},"tablet":{"background-color":"","background-image":"","background-repeat":"repeat","background-position":"center center","background-size":"auto","background-attachment":"scroll","background-type":"","background-media":"","overlay-type":"","overlay-color":"","overlay-opacity":"","overlay-gradient":""},"mobile":{"background-color":"","background-image":"","background-repeat":"repeat","background-position":"center center","background-size":"auto","background-attachment":"scroll","background-type":"","background-media":"","overlay-type":"","overlay-color":"","overlay-opacity":"","overlay-gradient":""}},"ast-content-background-meta":{"desktop":{"background-color":"var(--ast-global-color-5)","background-image":"","background-repeat":"repeat","background-position":"center center","background-size":"auto","background-attachment":"scroll","background-type":"","background-media":"","overlay-type":"","overlay-color":"","overlay-opacity":"","overlay-gradient":""},"tablet":{"background-color":"var(--ast-global-color-5)","background-image":"","background-repeat":"repeat","background-position":"center center","background-size":"auto","background-attachment":"scroll","background-type":"","background-media":"","overlay-type":"","overlay-color":"","overlay-opacity":"","overlay-gradient":""},"mobile":{"background-color":"var(--ast-global-color-5)","background-image":"","background-repeat":"repeat","background-position":"center center","background-size":"auto","background-attachment":"scroll","background-type":"","background-media":"","overlay-type":"","overlay-color":"","overlay-opacity":"","overlay-gradient":""}}},"product_brand":[],"product_cat":[63],"product_tag":[],"class_list":{"0":"post-9432","1":"product","2":"type-product","3":"status-publish","4":"has-post-thumbnail","6":"product_cat-fromages-de-brebis-manchego","7":"desktop-align-left","8":"tablet-align-left","9":"mobile-align-left","11":"first","12":"instock","13":"taxable","14":"shipping-taxable","15":"purchasable","16":"product-type-variable"},"_links":{"self":[{"href":"https:\/\/mayoristas.rodanoble.com\/fr\/wp-json\/wp\/v2\/product\/9432","targetHints":{"allow":["GET"]}}],"collection":[{"href":"https:\/\/mayoristas.rodanoble.com\/fr\/wp-json\/wp\/v2\/product"}],"about":[{"href":"https:\/\/mayoristas.rodanoble.com\/fr\/wp-json\/wp\/v2\/types\/product"}],"replies":[{"embeddable":true,"href":"https:\/\/mayoristas.rodanoble.com\/fr\/wp-json\/wp\/v2\/comments?post=9432"}],"wp:featuredmedia":[{"embeddable":true,"href":"https:\/\/mayoristas.rodanoble.com\/fr\/wp-json\/wp\/v2\/media\/9434"}],"wp:attachment":[{"href":"https:\/\/mayoristas.rodanoble.com\/fr\/wp-json\/wp\/v2\/media?parent=9432"}],"wp:term":[{"taxonomy":"product_brand","embeddable":true,"href":"https:\/\/mayoristas.rodanoble.com\/fr\/wp-json\/wp\/v2\/product_brand?post=9432"},{"taxonomy":"product_cat","embeddable":true,"href":"https:\/\/mayoristas.rodanoble.com\/fr\/wp-json\/wp\/v2\/product_cat?post=9432"},{"taxonomy":"product_tag","embeddable":true,"href":"https:\/\/mayoristas.rodanoble.com\/fr\/wp-json\/wp\/v2\/product_tag?post=9432"}],"curies":[{"name":"wp","href":"https:\/\/api.w.org\/{rel}","templated":true}]}}