{"id":9451,"date":"2019-01-16T11:09:45","date_gmt":"2019-01-16T10:09:45","guid":{"rendered":"https:\/\/mayoristas.rodanoble.com\/tienda\/fromage-de-brebis-rodanoble-anejo-gran-reserva-au-beurre\/"},"modified":"2019-01-16T11:09:45","modified_gmt":"2019-01-16T10:09:45","slug":"fromage-de-brebis-rodanoble-anejo-gran-reserva-au-beurre","status":"publish","type":"product","link":"https:\/\/mayoristas.rodanoble.com\/fr\/product\/fromage-de-brebis-rodanoble-anejo-gran-reserva-au-beurre\/","title":{"rendered":"Fromage de brebis Rodanoble A\u00f1ejo gran reserva au beurre"},"content":{"rendered":"<p>Fromage affin\u00e9 avec un an d&rsquo;affinage dans le saindoux. Un vieux fromage avec une texture et une saveur exceptionnelles, gr\u00e2ce au fait qu&rsquo;il est fabriqu\u00e9 avec du lait de brebis \u00e0 100 %.<\/p>\n<p>De couleur jaune ivoire, son go\u00fbt est doux, sa consistance est agr\u00e9able et il d\u00e9gage une odeur caract\u00e9ristique. Lorsque vous le d\u00e9gusterez, vous appr\u00e9cierez cette sensation de beurre et m\u00eame de grain caract\u00e9ristique de ce type de fromage.<\/p>\n<p>Fabriqu\u00e9 avec du lait de brebis 100% pasteuris\u00e9. M\u00fbri pendant 12 mois.<\/p>\n<p>Conserver au r\u00e9frig\u00e9rateur entre 8 et 10 \u00baC. Prot\u00e9ger la surface de coupe pour une meilleure conservation.<\/p>\n<p>Temp\u00e9rature optimale pour la d\u00e9coupe et la consommation : 20-22 degr\u00e9s C\u00ba.<\/p>\n","protected":false},"excerpt":{"rendered":"<p>Affin\u00e9 au lard pendant au moins 12 mois, ce fromage affin\u00e9 de grande r\u00e9serve offre une saveur spectaculaire et caract\u00e9ristique des fromages de brebis affin\u00e9s.<\/p>\n<p>L&rsquo;explosion des saveurs inondera votre palais.<\/p>\n[prive]<\/p>\n<ul>\n<li>Fromage de 2 900 kg &#8211; 10,70\u20ac\/kg.<\/li>\n<li>Fromage de 850gr &#8211; 10,80\u20ac\/kg.<\/li>\n<li>Cale de 365gr &#8211; 4,27\u20ac\/unit\u00e9.<\/li>\n<\/ul>\n<p>[\/prive]\n","protected":false},"featured_media":9454,"comment_status":"closed","ping_status":"closed","template":"","meta":{"site-sidebar-layout":"default","site-content-layout":"default","ast-site-content-layout":"default","site-content-style":"default","site-sidebar-style":"default","ast-global-header-display":"","ast-banner-title-visibility":"","ast-main-header-display":"","ast-hfb-above-header-display":"","ast-hfb-below-header-display":"","ast-hfb-mobile-header-display":"","site-post-title":"","ast-breadcrumbs-content":"","ast-featured-img":"","footer-sml-layout":"","theme-transparent-header-meta":"default","adv-header-id-meta":"","stick-header-meta":"","header-above-stick-meta":"","header-main-stick-meta":"","header-below-stick-meta":"","astra-migrate-meta-layouts":"default","ast-page-background-enabled":"default","ast-page-background-meta":{"desktop":{"background-color":"","background-image":"","background-repeat":"repeat","background-position":"center center","background-size":"auto","background-attachment":"scroll","background-type":"","background-media":"","overlay-type":"","overlay-color":"","overlay-opacity":"","overlay-gradient":""},"tablet":{"background-color":"","background-image":"","background-repeat":"repeat","background-position":"center center","background-size":"auto","background-attachment":"scroll","background-type":"","background-media":"","overlay-type":"","overlay-color":"","overlay-opacity":"","overlay-gradient":""},"mobile":{"background-color":"","background-image":"","background-repeat":"repeat","background-position":"center center","background-size":"auto","background-attachment":"scroll","background-type":"","background-media":"","overlay-type":"","overlay-color":"","overlay-opacity":"","overlay-gradient":""}},"ast-content-background-meta":{"desktop":{"background-color":"var(--ast-global-color-5)","background-image":"","background-repeat":"repeat","background-position":"center center","background-size":"auto","background-attachment":"scroll","background-type":"","background-media":"","overlay-type":"","overlay-color":"","overlay-opacity":"","overlay-gradient":""},"tablet":{"background-color":"var(--ast-global-color-5)","background-image":"","background-repeat":"repeat","background-position":"center center","background-size":"auto","background-attachment":"scroll","background-type":"","background-media":"","overlay-type":"","overlay-color":"","overlay-opacity":"","overlay-gradient":""},"mobile":{"background-color":"var(--ast-global-color-5)","background-image":"","background-repeat":"repeat","background-position":"center center","background-size":"auto","background-attachment":"scroll","background-type":"","background-media":"","overlay-type":"","overlay-color":"","overlay-opacity":"","overlay-gradient":""}}},"product_brand":[],"product_cat":[63],"product_tag":[],"class_list":{"0":"post-9451","1":"product","2":"type-product","3":"status-publish","4":"has-post-thumbnail","6":"product_cat-fromages-de-brebis-manchego","7":"desktop-align-left","8":"tablet-align-left","9":"mobile-align-left","11":"first","12":"instock","13":"taxable","14":"shipping-taxable","15":"purchasable","16":"product-type-variable"},"_links":{"self":[{"href":"https:\/\/mayoristas.rodanoble.com\/fr\/wp-json\/wp\/v2\/product\/9451","targetHints":{"allow":["GET"]}}],"collection":[{"href":"https:\/\/mayoristas.rodanoble.com\/fr\/wp-json\/wp\/v2\/product"}],"about":[{"href":"https:\/\/mayoristas.rodanoble.com\/fr\/wp-json\/wp\/v2\/types\/product"}],"replies":[{"embeddable":true,"href":"https:\/\/mayoristas.rodanoble.com\/fr\/wp-json\/wp\/v2\/comments?post=9451"}],"wp:featuredmedia":[{"embeddable":true,"href":"https:\/\/mayoristas.rodanoble.com\/fr\/wp-json\/wp\/v2\/media\/9454"}],"wp:attachment":[{"href":"https:\/\/mayoristas.rodanoble.com\/fr\/wp-json\/wp\/v2\/media?parent=9451"}],"wp:term":[{"taxonomy":"product_brand","embeddable":true,"href":"https:\/\/mayoristas.rodanoble.com\/fr\/wp-json\/wp\/v2\/product_brand?post=9451"},{"taxonomy":"product_cat","embeddable":true,"href":"https:\/\/mayoristas.rodanoble.com\/fr\/wp-json\/wp\/v2\/product_cat?post=9451"},{"taxonomy":"product_tag","embeddable":true,"href":"https:\/\/mayoristas.rodanoble.com\/fr\/wp-json\/wp\/v2\/product_tag?post=9451"}],"curies":[{"name":"wp","href":"https:\/\/api.w.org\/{rel}","templated":true}]}}