{"id":9493,"date":"2019-01-16T11:09:45","date_gmt":"2019-01-16T10:09:45","guid":{"rendered":"https:\/\/mayoristas.rodanoble.com\/tienda\/fromage-de-brebis-au-romarin-rodanoble\/"},"modified":"2019-01-16T11:09:45","modified_gmt":"2019-01-16T10:09:45","slug":"fromage-de-brebis-au-romarin-rodanoble","status":"publish","type":"product","link":"https:\/\/mayoristas.rodanoble.com\/fr\/product\/fromage-de-brebis-au-romarin-rodanoble\/","title":{"rendered":"Fromage de brebis au romarin Rodanoble"},"content":{"rendered":"<p>Dans un fromage au romarin, vous appr\u00e9cierez sa texture et sa grande saveur caract\u00e9ristique en m\u00e9langeant le beurre utilis\u00e9 pour l&rsquo;affinage avec les herbes aromatiques qui lui donnent cette saveur caract\u00e9ristique, ajout\u00e9e \u00e0 l&rsquo;essence que fournit un fromage de brebis.<\/p>\n<p>Saveur laiti\u00e8re tr\u00e8s fine avec des notes d&rsquo;herbes aromatiques, une consistance lisse et une odeur spectaculaire.<\/p>\n<p>Fabriqu\u00e9 avec du lait de brebis 100% pasteuris\u00e9. \u00c9ch\u00e9ance entre 4 et 5 mois.<\/p>\n<p>Conserver au r\u00e9frig\u00e9rateur entre 5 et 10 \u00baC. Prot\u00e9ger la surface de coupe pour une meilleure conservation.<\/p>\n","protected":false},"excerpt":{"rendered":"<p>Affin\u00e9 de mani\u00e8re optimale dans du saindoux m\u00e9lang\u00e9 \u00e0 du romarin, il se distingue par la combinaison des saveurs du lait de brebis d&rsquo;un fromage affin\u00e9 avec celles des herbes aromatiques. Une bonne texture et un meilleur go\u00fbt, avec tout ce que l&rsquo;on peut attendre d&rsquo;un fromage de brebis.<\/p>\n[prive]<\/p>\n<ul>\n<li>Fromage de 3 200 kg &#8211; 9,65\u20ac\/kg.<\/li>\n<li>Fromage de 0,980kg &#8211; 9,70\u20ac\/kg.<\/li>\n<li>Cale de 265gr &#8211; 2,82\u20ac\/unit\u00e9.<\/li>\n<li>Cale de 400gr &#8211; 4,26\u20ac\/unit\u00e9<\/li>\n<\/ul>\n<p>[\/prive]\n","protected":false},"featured_media":9494,"comment_status":"closed","ping_status":"closed","template":"","meta":{"site-sidebar-layout":"default","site-content-layout":"default","ast-site-content-layout":"default","site-content-style":"default","site-sidebar-style":"default","ast-global-header-display":"","ast-banner-title-visibility":"","ast-main-header-display":"","ast-hfb-above-header-display":"","ast-hfb-below-header-display":"","ast-hfb-mobile-header-display":"","site-post-title":"","ast-breadcrumbs-content":"","ast-featured-img":"","footer-sml-layout":"","theme-transparent-header-meta":"default","adv-header-id-meta":"","stick-header-meta":"","header-above-stick-meta":"","header-main-stick-meta":"","header-below-stick-meta":"","astra-migrate-meta-layouts":"default","ast-page-background-enabled":"default","ast-page-background-meta":{"desktop":{"background-color":"","background-image":"","background-repeat":"repeat","background-position":"center center","background-size":"auto","background-attachment":"scroll","background-type":"","background-media":"","overlay-type":"","overlay-color":"","overlay-opacity":"","overlay-gradient":""},"tablet":{"background-color":"","background-image":"","background-repeat":"repeat","background-position":"center center","background-size":"auto","background-attachment":"scroll","background-type":"","background-media":"","overlay-type":"","overlay-color":"","overlay-opacity":"","overlay-gradient":""},"mobile":{"background-color":"","background-image":"","background-repeat":"repeat","background-position":"center center","background-size":"auto","background-attachment":"scroll","background-type":"","background-media":"","overlay-type":"","overlay-color":"","overlay-opacity":"","overlay-gradient":""}},"ast-content-background-meta":{"desktop":{"background-color":"var(--ast-global-color-5)","background-image":"","background-repeat":"repeat","background-position":"center center","background-size":"auto","background-attachment":"scroll","background-type":"","background-media":"","overlay-type":"","overlay-color":"","overlay-opacity":"","overlay-gradient":""},"tablet":{"background-color":"var(--ast-global-color-5)","background-image":"","background-repeat":"repeat","background-position":"center center","background-size":"auto","background-attachment":"scroll","background-type":"","background-media":"","overlay-type":"","overlay-color":"","overlay-opacity":"","overlay-gradient":""},"mobile":{"background-color":"var(--ast-global-color-5)","background-image":"","background-repeat":"repeat","background-position":"center center","background-size":"auto","background-attachment":"scroll","background-type":"","background-media":"","overlay-type":"","overlay-color":"","overlay-opacity":"","overlay-gradient":""}}},"product_brand":[],"product_cat":[63],"product_tag":[],"class_list":{"0":"post-9493","1":"product","2":"type-product","3":"status-publish","4":"has-post-thumbnail","6":"product_cat-fromages-de-brebis-manchego","7":"desktop-align-left","8":"tablet-align-left","9":"mobile-align-left","11":"first","12":"instock","13":"taxable","14":"shipping-taxable","15":"purchasable","16":"product-type-variable"},"_links":{"self":[{"href":"https:\/\/mayoristas.rodanoble.com\/fr\/wp-json\/wp\/v2\/product\/9493","targetHints":{"allow":["GET"]}}],"collection":[{"href":"https:\/\/mayoristas.rodanoble.com\/fr\/wp-json\/wp\/v2\/product"}],"about":[{"href":"https:\/\/mayoristas.rodanoble.com\/fr\/wp-json\/wp\/v2\/types\/product"}],"replies":[{"embeddable":true,"href":"https:\/\/mayoristas.rodanoble.com\/fr\/wp-json\/wp\/v2\/comments?post=9493"}],"wp:featuredmedia":[{"embeddable":true,"href":"https:\/\/mayoristas.rodanoble.com\/fr\/wp-json\/wp\/v2\/media\/9494"}],"wp:attachment":[{"href":"https:\/\/mayoristas.rodanoble.com\/fr\/wp-json\/wp\/v2\/media?parent=9493"}],"wp:term":[{"taxonomy":"product_brand","embeddable":true,"href":"https:\/\/mayoristas.rodanoble.com\/fr\/wp-json\/wp\/v2\/product_brand?post=9493"},{"taxonomy":"product_cat","embeddable":true,"href":"https:\/\/mayoristas.rodanoble.com\/fr\/wp-json\/wp\/v2\/product_cat?post=9493"},{"taxonomy":"product_tag","embeddable":true,"href":"https:\/\/mayoristas.rodanoble.com\/fr\/wp-json\/wp\/v2\/product_tag?post=9493"}],"curies":[{"name":"wp","href":"https:\/\/api.w.org\/{rel}","templated":true}]}}