{"id":9514,"date":"2019-01-16T11:09:44","date_gmt":"2019-01-16T10:09:44","guid":{"rendered":"https:\/\/mayoristas.rodanoble.com\/tienda\/rodanoble-fromage-de-brebis-semi-affine\/"},"modified":"2021-02-23T13:20:51","modified_gmt":"2021-02-23T12:20:51","slug":"rodanoble-fromage-de-brebis-semi-affine","status":"publish","type":"product","link":"https:\/\/mayoristas.rodanoble.com\/fr\/product\/rodanoble-fromage-de-brebis-semi-affine\/","title":{"rendered":"Rodanoble fromage de brebis semi affin\u00e9."},"content":{"rendered":"<p>Avec le demi rem\u00e8de pour obtenir toute la saveur du lait de brebis dans un fromage affin\u00e9. Vous appr\u00e9cierez sa texture et sa saveur agr\u00e9able.<\/p>\n<p>Il a toute l&rsquo;essence d&rsquo;un fromage de lait de brebis.<\/p>\n<p>Saveur d\u00e9licate de lait et consistance lisse. Ses yeux de taille irr\u00e9guli\u00e8re avec un superflu brillant et sa couleur jaune ivoire.<\/p>\n<p>Fabriqu\u00e9 avec du lait de brebis 100% pasteuris\u00e9. M\u00fbri pendant 90 jours.<\/p>\n<p>Conserver au r\u00e9frig\u00e9rateur entre 5 et 10 \u00baC. Prot\u00e9ger la surface de coupe pour une meilleure conservation.<\/p>\n","protected":false},"excerpt":{"rendered":"<p>Avec le demi rem\u00e8de pour obtenir toute la saveur du lait de brebis dans un fromage affin\u00e9. Vous appr\u00e9cierez sa texture et sa saveur agr\u00e9able. Il a toute l&rsquo;essence qu&rsquo;un fromage de brebis apporte.<\/p>\n[prive]<\/p>\n<ul>\n<li>Fromage de 3 200 kg &#8211; 9,20\u20ac\/kg.<\/li>\n<li>Fromage de 0,920kg &#8211; 9,25\u20ac\/kg.<\/li>\n<li>Cale de 265gr &#8211; 2,70\u20ac\/unit\u00e9.<\/li>\n<li>Cale de 400gr &#8211; 4,08\u20ac\/unit\u00e9<\/li>\n<\/ul>\n<p>[\/prive]\n","protected":false},"featured_media":9516,"comment_status":"closed","ping_status":"closed","template":"","meta":{"site-sidebar-layout":"default","site-content-layout":"default","ast-site-content-layout":"default","site-content-style":"default","site-sidebar-style":"default","ast-global-header-display":"","ast-banner-title-visibility":"","ast-main-header-display":"","ast-hfb-above-header-display":"","ast-hfb-below-header-display":"","ast-hfb-mobile-header-display":"","site-post-title":"","ast-breadcrumbs-content":"","ast-featured-img":"","footer-sml-layout":"","theme-transparent-header-meta":"default","adv-header-id-meta":"","stick-header-meta":"","header-above-stick-meta":"","header-main-stick-meta":"","header-below-stick-meta":"","astra-migrate-meta-layouts":"default","ast-page-background-enabled":"default","ast-page-background-meta":{"desktop":{"background-color":"","background-image":"","background-repeat":"repeat","background-position":"center center","background-size":"auto","background-attachment":"scroll","background-type":"","background-media":"","overlay-type":"","overlay-color":"","overlay-opacity":"","overlay-gradient":""},"tablet":{"background-color":"","background-image":"","background-repeat":"repeat","background-position":"center center","background-size":"auto","background-attachment":"scroll","background-type":"","background-media":"","overlay-type":"","overlay-color":"","overlay-opacity":"","overlay-gradient":""},"mobile":{"background-color":"","background-image":"","background-repeat":"repeat","background-position":"center center","background-size":"auto","background-attachment":"scroll","background-type":"","background-media":"","overlay-type":"","overlay-color":"","overlay-opacity":"","overlay-gradient":""}},"ast-content-background-meta":{"desktop":{"background-color":"var(--ast-global-color-5)","background-image":"","background-repeat":"repeat","background-position":"center center","background-size":"auto","background-attachment":"scroll","background-type":"","background-media":"","overlay-type":"","overlay-color":"","overlay-opacity":"","overlay-gradient":""},"tablet":{"background-color":"var(--ast-global-color-5)","background-image":"","background-repeat":"repeat","background-position":"center center","background-size":"auto","background-attachment":"scroll","background-type":"","background-media":"","overlay-type":"","overlay-color":"","overlay-opacity":"","overlay-gradient":""},"mobile":{"background-color":"var(--ast-global-color-5)","background-image":"","background-repeat":"repeat","background-position":"center center","background-size":"auto","background-attachment":"scroll","background-type":"","background-media":"","overlay-type":"","overlay-color":"","overlay-opacity":"","overlay-gradient":""}}},"product_brand":[],"product_cat":[63],"product_tag":[],"class_list":{"0":"post-9514","1":"product","2":"type-product","3":"status-publish","4":"has-post-thumbnail","6":"product_cat-fromages-de-brebis-manchego","7":"desktop-align-left","8":"tablet-align-left","9":"mobile-align-left","11":"first","12":"instock","13":"taxable","14":"shipping-taxable","15":"purchasable","16":"product-type-variable"},"_links":{"self":[{"href":"https:\/\/mayoristas.rodanoble.com\/fr\/wp-json\/wp\/v2\/product\/9514","targetHints":{"allow":["GET"]}}],"collection":[{"href":"https:\/\/mayoristas.rodanoble.com\/fr\/wp-json\/wp\/v2\/product"}],"about":[{"href":"https:\/\/mayoristas.rodanoble.com\/fr\/wp-json\/wp\/v2\/types\/product"}],"replies":[{"embeddable":true,"href":"https:\/\/mayoristas.rodanoble.com\/fr\/wp-json\/wp\/v2\/comments?post=9514"}],"wp:featuredmedia":[{"embeddable":true,"href":"https:\/\/mayoristas.rodanoble.com\/fr\/wp-json\/wp\/v2\/media\/9516"}],"wp:attachment":[{"href":"https:\/\/mayoristas.rodanoble.com\/fr\/wp-json\/wp\/v2\/media?parent=9514"}],"wp:term":[{"taxonomy":"product_brand","embeddable":true,"href":"https:\/\/mayoristas.rodanoble.com\/fr\/wp-json\/wp\/v2\/product_brand?post=9514"},{"taxonomy":"product_cat","embeddable":true,"href":"https:\/\/mayoristas.rodanoble.com\/fr\/wp-json\/wp\/v2\/product_cat?post=9514"},{"taxonomy":"product_tag","embeddable":true,"href":"https:\/\/mayoristas.rodanoble.com\/fr\/wp-json\/wp\/v2\/product_tag?post=9514"}],"curies":[{"name":"wp","href":"https:\/\/api.w.org\/{rel}","templated":true}]}}