{"id":9535,"date":"2019-01-16T11:09:44","date_gmt":"2019-01-16T10:09:44","guid":{"rendered":"https:\/\/mayoristas.rodanoble.com\/tienda\/fromage-de-brebis-rodanoble-a-pate-tendre\/"},"modified":"2021-02-23T13:20:39","modified_gmt":"2021-02-23T12:20:39","slug":"fromage-de-brebis-rodanoble-a-pate-tendre","status":"publish","type":"product","link":"https:\/\/mayoristas.rodanoble.com\/fr\/product\/fromage-de-brebis-rodanoble-a-pate-tendre\/","title":{"rendered":"Fromage de brebis Rodanoble \u00e0 p\u00e2te tendre"},"content":{"rendered":"<p>D\u00e9couvrez la douceur et la texture cr\u00e9meuse de notre fabuleux fromage de brebis \u00e0 p\u00e2te tendre Rodanoble. Gr\u00e2ce \u00e0 un processus d&rsquo;affinage id\u00e9al, nous avons r\u00e9ussi \u00e0 faire ressortir toute la saveur du lait de brebis dans un fromage jeune et tendre.<\/p>\n<p>Il a une saveur laiti\u00e8re d\u00e9licate avec un ar\u00f4me et une consistance tr\u00e8s doux. Sans oublier, bien s\u00fbr, cette sensation de beurre qui est la marque de fabrique de tous les fromages produits avec du lait de brebis \u00e0 100 %. Son odeur est douce avec des notes herbac\u00e9es et sa surface est blanche et brillante.<\/p>\n<p>Fabriqu\u00e9 avec du lait de brebis 100% pasteuris\u00e9. M\u00fbri pendant 10 jours.<\/p>\n<p>Conserver au r\u00e9frig\u00e9rateur entre 5 et 10 \u00baC. Prot\u00e9ger la surface de coupe pour une meilleure conservation.<\/p>\n","protected":false},"excerpt":{"rendered":"<p>Affin\u00e9 juste le temps qu&rsquo;il faut pour obtenir un fromage \u00e0 p\u00e2te molle de qualit\u00e9 dont on peut go\u00fbter l&rsquo;essence du lait de brebis. Doux, il fond sans manquer d&rsquo;un soup\u00e7on de l&rsquo;essence que le fromage de lait de brebis offre.<\/p>\n[prive]<\/p>\n<ul>\n<li>Fromage de 3 700 kg &#8211; 8,20 \u20ac\/kg.<\/li>\n<li>Fromage de 1 030kg &#8211; 8,25\u20ac\/kg.<\/li>\n<li>Cale de 300gr &#8211; 2,76\u20ac\/unit\u00e9.<\/li>\n<li>Cale de 450gr &#8211; 4,14\u20ac\/unit\u00e9<\/li>\n<\/ul>\n<p>[\/prive]\n","protected":false},"featured_media":9537,"comment_status":"closed","ping_status":"closed","template":"","meta":{"site-sidebar-layout":"default","site-content-layout":"default","ast-site-content-layout":"default","site-content-style":"default","site-sidebar-style":"default","ast-global-header-display":"","ast-banner-title-visibility":"","ast-main-header-display":"","ast-hfb-above-header-display":"","ast-hfb-below-header-display":"","ast-hfb-mobile-header-display":"","site-post-title":"","ast-breadcrumbs-content":"","ast-featured-img":"","footer-sml-layout":"","theme-transparent-header-meta":"default","adv-header-id-meta":"","stick-header-meta":"","header-above-stick-meta":"","header-main-stick-meta":"","header-below-stick-meta":"","astra-migrate-meta-layouts":"default","ast-page-background-enabled":"default","ast-page-background-meta":{"desktop":{"background-color":"","background-image":"","background-repeat":"repeat","background-position":"center center","background-size":"auto","background-attachment":"scroll","background-type":"","background-media":"","overlay-type":"","overlay-color":"","overlay-opacity":"","overlay-gradient":""},"tablet":{"background-color":"","background-image":"","background-repeat":"repeat","background-position":"center center","background-size":"auto","background-attachment":"scroll","background-type":"","background-media":"","overlay-type":"","overlay-color":"","overlay-opacity":"","overlay-gradient":""},"mobile":{"background-color":"","background-image":"","background-repeat":"repeat","background-position":"center center","background-size":"auto","background-attachment":"scroll","background-type":"","background-media":"","overlay-type":"","overlay-color":"","overlay-opacity":"","overlay-gradient":""}},"ast-content-background-meta":{"desktop":{"background-color":"var(--ast-global-color-5)","background-image":"","background-repeat":"repeat","background-position":"center center","background-size":"auto","background-attachment":"scroll","background-type":"","background-media":"","overlay-type":"","overlay-color":"","overlay-opacity":"","overlay-gradient":""},"tablet":{"background-color":"var(--ast-global-color-5)","background-image":"","background-repeat":"repeat","background-position":"center center","background-size":"auto","background-attachment":"scroll","background-type":"","background-media":"","overlay-type":"","overlay-color":"","overlay-opacity":"","overlay-gradient":""},"mobile":{"background-color":"var(--ast-global-color-5)","background-image":"","background-repeat":"repeat","background-position":"center center","background-size":"auto","background-attachment":"scroll","background-type":"","background-media":"","overlay-type":"","overlay-color":"","overlay-opacity":"","overlay-gradient":""}}},"product_brand":[],"product_cat":[63],"product_tag":[],"class_list":{"0":"post-9535","1":"product","2":"type-product","3":"status-publish","4":"has-post-thumbnail","6":"product_cat-fromages-de-brebis-manchego","7":"desktop-align-left","8":"tablet-align-left","9":"mobile-align-left","11":"first","12":"instock","13":"taxable","14":"shipping-taxable","15":"purchasable","16":"product-type-variable"},"_links":{"self":[{"href":"https:\/\/mayoristas.rodanoble.com\/fr\/wp-json\/wp\/v2\/product\/9535","targetHints":{"allow":["GET"]}}],"collection":[{"href":"https:\/\/mayoristas.rodanoble.com\/fr\/wp-json\/wp\/v2\/product"}],"about":[{"href":"https:\/\/mayoristas.rodanoble.com\/fr\/wp-json\/wp\/v2\/types\/product"}],"replies":[{"embeddable":true,"href":"https:\/\/mayoristas.rodanoble.com\/fr\/wp-json\/wp\/v2\/comments?post=9535"}],"wp:featuredmedia":[{"embeddable":true,"href":"https:\/\/mayoristas.rodanoble.com\/fr\/wp-json\/wp\/v2\/media\/9537"}],"wp:attachment":[{"href":"https:\/\/mayoristas.rodanoble.com\/fr\/wp-json\/wp\/v2\/media?parent=9535"}],"wp:term":[{"taxonomy":"product_brand","embeddable":true,"href":"https:\/\/mayoristas.rodanoble.com\/fr\/wp-json\/wp\/v2\/product_brand?post=9535"},{"taxonomy":"product_cat","embeddable":true,"href":"https:\/\/mayoristas.rodanoble.com\/fr\/wp-json\/wp\/v2\/product_cat?post=9535"},{"taxonomy":"product_tag","embeddable":true,"href":"https:\/\/mayoristas.rodanoble.com\/fr\/wp-json\/wp\/v2\/product_tag?post=9535"}],"curies":[{"name":"wp","href":"https:\/\/api.w.org\/{rel}","templated":true}]}}